{"id":31,"date":"2016-08-01T15:47:16","date_gmt":"2016-08-01T13:47:16","guid":{"rendered":"http:\/\/www.langlife.de\/index.php\/langlife\/"},"modified":"2025-01-16T21:44:48","modified_gmt":"2025-01-16T20:44:48","slug":"mpu-und-lebensberatung","status":"publish","type":"page","link":"https:\/\/www.langlife.de\/","title":{"rendered":"MPU- und Lebensberatung"},"content":{"rendered":"<p><a href=\"#scroll-down\"><\/p>\n<p><\/a><\/p>\n<p>schnell.<\/p>\n<p>bequem.<\/p>\n<p>zuhause.<\/p>\n<p>mpu- und lebensberatung<\/p>\n<p><a href=\"https:\/\/erfolg-magazin.de\/top-experten\/\" target=\"_blank\" rel=\"noopener\"><img decoding=\"async\" src=\"https:\/\/www.langlife.de\/wp-content\/uploads\/2021\/05\/Andreas-Lang-Experte-2021.jpg\" \/> <\/a><\/p>\n<p><a href=\"https:\/\/erfolg-magazin.de\/top-experten\/\" target=\"_blank\" rel=\"noopener\"><img decoding=\"async\" src=\"https:\/\/www.langlife.de\/wp-content\/uploads\/2022\/12\/experte2022AL.jpg\" \/> <\/a><\/p>\n<p>Andreas Lang hat als erster und einziger MPU Berater dieses Siegel verliehen bekommen.<\/p>\n<p>Und nun zum dritten Mal in Folge!<\/p>\n<p><a href=\"https:\/\/www.rtl.de\/vergleiche\/news\/interview-mit-andreas-lang-von-der-mpu-bis-zur-lebensberatung\/\" target=\"_blank\" rel=\"noopener\"><img decoding=\"async\" src=\"https:\/\/www.langlife.de\/wp-content\/uploads\/2020\/04\/Andreas_Lang_Langlifecoaching_RTL_web.jpg\" \/><\/a><\/p>\n<p>Andreas Lang im <a href=\"https:\/\/www.rtl.de\/vergleiche\/news\/interview-mit-andreas-lang-von-der-mpu-bis-zur-lebensberatung\/\" target=\"_blank\" rel=\"noopener\">Interview bei RTL.de<\/a><\/p>\n<p>[ditty_news_ticker id=&#8220;478&#8243;]<\/p>\n<p>standorte<\/p>\n<p>heilbronn<\/p>\n<p>Falkenstra\u00dfe 2<\/p>\n<p>74072 Heilbronn<\/p>\n<p>stuttgart<\/p>\n<p>Karpatenstra\u00dfe 1<\/p>\n<p>70374 Stuttgart<\/p>\n<p>\u00f6hringen<\/p>\n<p>Pfaffenm\u00fchlweg 45<\/p>\n<p>74613 \u00d6hringen<\/p>\n<p>Sie f\u00fchlen sich noch nicht bereit f\u00fcr die MPU?<\/p>\n<p>Sie m\u00f6chten einmal das Gespr\u00e4ch simulieren ?<\/p>\n<p>Wir bieten Ihnen eine Probe-MPU f\u00fcr 100,- \u20ac<\/p>\n<p>Melden Sie sich heute noch bei uns.<\/p>\n<p><img decoding=\"async\" src=\"https:\/\/www.langlife.de\/wp-content\/uploads\/2021\/09\/daumenhoch.jpg\" \/><\/p>\n<p><!-- You're using demo endpoint of Iframely API commercially. Max-width is limited to 320px. Please get your own API key at https:\/\/iframely.com. --><\/p>\n<p><!-- You're using demo endpoint of Iframely API commercially. Max-width is limited to 320px. Please get your own API key at https:\/\/iframely.com. --><\/p>\n<p>jetzt auch in Stuttgart.<\/p>\n<p>Karpatenstrasse 1 \/\/ 70374 Stuttgart Bad Cannstatt<\/p>\n<p>bequem zu erreichen mit der U1 &amp; U3 Ausstieg Beskidenstrasse!<\/p>\n<p>mpu.<\/p>\n<p>Sie m\u00fcssen zur MPU? Damit sind Sie sichtlich nicht der Einzige und meist bringt diese amtliche Anordnung auch ordentlich Angst und Unsicherheit mit sich. Durch intensive Zusammenarbeit und Betreuung begleite ich Sie \u00fcber alle H\u00fcrden auf Ihrem Weg zur Wiedererlangung Ihrer Fahrerlaubnis. Ich sorge daf\u00fcr, dass Sie die Angst und Unsicherheit links liegen lassen und bringe Sie schnell wieder auf die Strecke. Mein Ziel ist es, Ihnen diesen Prozess so einfach, so schnell und so bequem wie m\u00f6glich zu gestalten.<\/p>\n<p>Ich wei\u00df, dass man eine Medizinisch-Psychologische Untersuchung im MPU-Prozess nicht so einfach besteht. Es gilt n\u00e4mlich nicht nur sein Fehlverhalten zu erkennen, sondern ganzheitlich zu reflektieren. Hier f\u00fchre ich Sie zum Ursprung und Ausl\u00f6ser des Problems und finde mit Ihnen die angebrachte L\u00f6sung. Damit sorgen wir gemeinsam daf\u00fcr, dass Sie Ihre Fahrerlaubnis nicht nur zur\u00fcckbekommen, sondern sie auch dauerhaft behalten. Nun nicht nur in Heilbronn, sondern auch in Stuttgart vertreten.<\/p>\n<p>das sagen kunden:<\/p>\n<p>\u201eSehr seri\u00f6s und stets auf dem neuesten Stand\u201c<\/p>\n<p>\u201eFairer Preis f\u00fcr die Arbeit\u201c<\/p>\n<p>\u201eEr nimmt alle \u00c4ngste weil man optimal vorbereitet ist\u201c<\/p>\n<p>\u201eKlare Empfehlung\u201c<\/p>\n<p>\u201eDer beste in seinem Fach\u201c<\/p>\n<p>\u201enirgends anders hin\u201c<\/p>\n<p>\u201eHerr Lang sieht den Menschen, nicht die Straftaten\u201c<\/p>\n<p>\u201eUnglaublich professionell mit Riesen Engagement\u201c<\/p>\n<p>\u201eDie erste seri\u00f6se Vorbereitung die ich gefunden habe\u201c<\/p>\n<p>\u201eWenn MPU &#8211; dann bei Andi\u201c \u200b<\/p>\n<p>keiner packt die MPU ohne Beratung.<\/p>\n<p>Was passiert eigentlich beim &#8222;Idiotentest&#8220;? Ist er wirklich nicht zu schaffen?<\/p>\n<p><a href=\"http:\/\/www.echo24.de\/heilbronn\/mpu-vorbereitung-andreas-lang-8362337.html\" target=\"_blank\" rel=\"noopener\">Hier<\/a><\/p>\n<p>ein Bericht von Echo24.de<\/p>\n<p><!-- You're using demo endpoint of Iframely API commercially. Max-width is limited to 320px. Please get your own API key at https:\/\/iframely.com. --><\/p>\n<p>ich berate Sie pers\u00f6nlich, am Telefon und via Skype. Sie genie\u00dfen die vollst\u00e4ndige Flexibilit\u00e4t!<\/p>\n<p>wonach suchst du?<\/p>\n<p>Suche nicht am anderen Ende der Welt danach, sonst wirst du entt\u00e4uscht, verbittert und verzweifelt zuru\u0308ckkehren. Suche am anderen Ende Deiner Selbst danach, in der Tiefe des Herzens.<\/p>\n<p>Buddistische Weisheit<\/p>\n<p>Lebensberatung.<\/p>\n<p>Es geht Ihnen nicht besonders gut? Ich h\u00f6re Ihnen zu und sehe die Dinge aus einem neutralen Blickwinkel. Dadurch kann ich Ihnen eine Hilfestellung bieten, um mit Ihnen zusammen Ans\u00e4tze fu\u0308r neue Sichtweisen und eine neue Lebenseinstellung zu erarbeiten. In intensiven Gespr\u00e4chen zeige ich Ihnen, wie Sie Ihren Weg klarer sehen k\u00f6nnen, objektiv und ohne zu verurteilen. Ich kann Ihnen helfen Ihr Glu\u0308ck zu erarbeiten, privat als auch beruflich.<\/p>\n<p>Mein Angebot.<\/p>\n<p>&#8211; Ich bin immer f\u00fcr Sie da. Egal wo und egal wann, denn wir k\u00f6nnen unsere Beratungsgespr\u00e4che ganz bequem von zuhause via Skype f\u00fchren.<\/p>\n<p>&#8211; Durch mein neu entwickeltes Konzept biete ich eine ganzheitliche Betreuung und Beratung bis zum Erfolg.<\/p>\n<p>&#8211; Ich erarbeite gemeinsam mit Ihnen ein auf Sie zugeschnittenes Konzept aus. So fu\u0308hre ich Sie zu Ihrem Erfolg, sprich: zu Ihrem Fu\u0308hrerschein und Ihrer Unabh\u00e4ngigkeit.<\/p>\n<p>&#8211; In intensiven Einzelgespr\u00e4chen stehen immer Sie im Mittelpunkt, eine Gew\u00e4hr fu\u0308r Ihre bestm\u00f6gliche Beratung und Vorbereitung.<\/p>\n<p>&#8211; Beh\u00f6rdeng\u00e4nge und notwendige Recherchen nehme ich Ihnen ab, damit Sie sich voll und ganz auf die Vorbereitung konzentrieren k\u00f6nnen.<\/p>\n<p>&#8211; Gerne k\u00f6nnen wir die Gespr\u00e4che bei Ihnen zu Hause fu\u0308hren. In Ihrer gewohnten Umgebung fu\u0308hlen sie sich sicher und es f\u00e4llt Ihnen leichter, offene Gespr\u00e4che zu fu\u0308hren. Und dies erspart Ihnen l\u00e4stige Wege und wahrt Ihre Privatsph\u00e4re.<\/p>\n<p>&#8211; Sie haben wenig Zeit? Gerne k\u00f6nnen wir unsere Beratungsgespr\u00e4che via Skype fu\u0308hren.<\/p>\n<p>&#8211; Begleitend kann ich Ihnen zur ganzheitlichen Betreuung auch von mir gefu\u0308hrte Seminare in verschiedenen Fahrschulen anbieten.<\/p>\n<p>Und ob Sie lieber in Deutsch, Englisch, Rum\u00e4nisch, Russisch oder T\u00fcrkisch beraten werden wollen &#8211; kein Problem!<\/p>\n<p><a href=\"\"><\/p>\n<p><img decoding=\"async\" src=\"https:\/\/www.langlife.de\/wp-content\/uploads\/2016\/08\/Andi_Lang-3.jpg\" \/><\/p>\n<p>\u00fcber mich.<\/p>\n<p><\/a><\/p>\n<p>\u00fcber mich.<\/p>\n<p>Mein Name ist Andreas Lang und ich kenne Ihre Situation. Ich selbst habe zwei Mal meine Fahrerlaubnis verloren und eine Medizinisch-Psychologische Untersuchung bestehen m\u00fcssen. Nach Wiedererlangung meines F\u00fchrerscheins habe ich mich dazu entschieden, abstinent zu leben.<\/p>\n<p>Dieser Entwicklungsprozess hat mich dazu gef\u00fchrt, Menschen in der gleichen Situation mit meinen Erfahrungen und meinem Wissen zu unterst\u00fctzen, wieder auf ihren gew\u00fcnschten Lebensweg<\/p>\n<p>zu kommen. Als ausgebildeter Verkehrsp\u00e4dagoge sehe ich objektiv und unvoreingenommen und kann Sie zu Ihrem pers\u00f6nlichen Erfolg reflektieren, einsch\u00e4tzen und verstehen.<\/p>\n<p>Jeder Mensch macht Fehler, das steht ihm zu. Doch auch jeder darf daraus lernen. Zusammen setzen wir einen Punkt.<\/p>\n<p>das bin ich.<\/p>\n<p><!-- You're using demo endpoint of Iframely API commercially. Max-width is limited to 320px. Please get your own API key at https:\/\/iframely.com. --><\/p>\n<p>kontakt.<\/p>\n<p>+497131 395 65 36<\/p>\n<p>+49173 2429 488<\/p>\n<p><a href=\"mailto:info@langlife.de\">Email<\/a><\/p>\n<p><a href=\"https:\/\/www.instagram.com\/langlife.de\/\" target=\"_blank\" rel=\"noopener\">INSTAGRAM<\/a><\/p>\n<p>Folge uns auf Instagram<\/p>\n<p>und bleibe immer auf dem neusten Stand<\/p>\n<p><a href=\"https:\/\/api.whatsapp.com\/send?phone=491732429488\" target=\"_blank\" rel=\"noopener\">WHATSAPP<\/a><\/p>\n<p>Schreibe uns direkt in Whatsapp!<\/p>\n<p><a href=\"https:\/\/www.facebook.com\/langlifede-1040727985974797\/\" target=\"_blank\" rel=\"noopener\">facebook<\/a><\/p>\n<p>Weitere Informationen, News und aktuelle Angebote finden Sie auf meiner Facebookseite<\/p>\n<p>partner.<\/p>\n<p><a href=\"https:\/\/www.academy-fahrschule-sgh.de\/\" target=\"_blank\" rel=\"noopener\"><img decoding=\"async\" src=\"https:\/\/www.langlife.de\/wp-content\/uploads\/2020\/01\/academy_fahrschule.png\" \/><\/a><\/p>\n<p><a href=\"http:\/\/www.fahrschule-dexheimer.de\/\" target=\"_blank\" rel=\"noopener\"><img decoding=\"async\" src=\"https:\/\/www.langlife.de\/wp-content\/uploads\/2017\/02\/fahrschule_dexheimer_langlifecoaching.png\" \/><\/a><\/p>\n<p><a href=\"https:\/\/www.fahrschule-mc.de\/\" target=\"_blank\" rel=\"noopener\"><img decoding=\"async\" src=\"https:\/\/www.langlife.de\/wp-content\/uploads\/2020\/01\/fahrschule_mc.png\" \/><\/a><\/p>\n<p><a href=\"https:\/\/www.facebook.com\/pages\/category\/School\/Fahrschule-Team-18-187533925298717\/\" target=\"_blank\" rel=\"noopener\"><img decoding=\"async\" src=\"https:\/\/www.langlife.de\/wp-content\/uploads\/2020\/04\/partner_fs_team-18.jpeg\" \/><\/a><\/p>\n<p><a href=\"http:\/\/www.labor-staber.de\/\" target=\"_blank\" rel=\"noopener\"><img decoding=\"async\" src=\"https:\/\/www.langlife.de\/wp-content\/uploads\/2018\/02\/labor_staber_langlife.de_.jpg\" \/><\/a><\/p>\n<p><a href=\"http:\/\/www.hcm-consultants.com\/\" target=\"_blank\" rel=\"noopener\"><img decoding=\"async\" src=\"https:\/\/www.langlife.de\/wp-content\/uploads\/2020\/05\/Logo_HCM_RGB_Web.png\" \/><\/a><\/p>\n<p><a href=\"https:\/\/www.marino24.de\/\" target=\"_blank\" rel=\"noopener\"><img decoding=\"async\" src=\"https:\/\/www.langlife.de\/wp-content\/uploads\/2020\/05\/partner_marino_fs.png\" \/><\/a><\/p>\n<p><a href=\"http:\/\/ibs-hn.de\/\" target=\"_blank\" rel=\"noopener\"><img decoding=\"async\" src=\"https:\/\/www.langlife.de\/wp-content\/uploads\/2018\/02\/ibs_langlife.de_.png\" \/><\/a><\/p>\n<p><a href=\"http:\/\/benkaiser-fotografie.de\" target=\"_blank\" rel=\"noopener\">www.benkaiser-fotografie.de<\/a><\/p>\n<p><a href=\"https:\/\/www.sportbootschule-kolumbus.de\/\" target=\"_blank\" rel=\"noopener\"><img decoding=\"async\" src=\"https:\/\/www.langlife.de\/wp-content\/uploads\/2020\/04\/partner-sportsbootschule-kolumbus.png\" \/><\/a><\/p>\n<p><a href=\"https:\/\/www.facebook.com\/dominik.britsch.5\" target=\"_blank\" rel=\"noopener\"><img decoding=\"async\" src=\"https:\/\/www.langlife.de\/wp-content\/uploads\/2020\/04\/partner-dominik-britsch.png\" \/><\/a><\/p>\n<p><a href=\"http:\/\/caparmk.de\/\" target=\"_blank\" rel=\"noopener\"><img decoding=\"async\" src=\"https:\/\/www.langlife.de\/wp-content\/uploads\/2020\/04\/partner_caparmk.jpg\" \/><\/a><\/p>\n<p><a href=\"#scroll-down\"><\/p>\n<p><\/a><\/p>\n<p>team<\/p>\n<p>das sind wir<\/p>\n<p><img decoding=\"async\" src=\"https:\/\/www.langlife.de\/wp-content\/uploads\/2020\/01\/team-langlife-coaching-1.jpeg\" \/>\t\t\t\t<\/p>\n<p><img decoding=\"async\" src=\"https:\/\/www.langlife.de\/wp-content\/uploads\/2020\/01\/andreas-lang-langlife-coaching-1.jpeg\" \/><\/p>\n<p>ANDREAS LANG<\/p>\n<p>Gesch\u00e4ftsf\u00fchrer, Verkehrsp\u00e4dagoge, Suchtberater<\/p>\n<p>&#8211; psychologische Diagnostik und Intervention<\/p>\n<p>&#8211; differentielle Psychologie und Pers\u00f6nlichkeitsforschung<\/p>\n<p>&#8211; verkehrspsychologischer Berater<\/p>\n<p><img decoding=\"async\" src=\"https:\/\/www.langlife.de\/wp-content\/uploads\/2020\/01\/alfred-lang-langlife-coaching-1.jpeg\" \/><\/p>\n<p>ALFRED LANG<\/p>\n<p>MPU Vorbereitung, Unternehmens- und Personalberatung<\/p>\n<p>&#8211; Komplettberatung in Englisch<\/p>\n<p>&#8211; Suchtberatung<\/p>\n<p>&#8211; Burnout-Beratung<\/p>\n<p>&#8211; Krisenintervention<\/p>\n<p>&#8211; Mediation<\/p>\n<p>&#8211; Gesundheitscoaching<\/p>\n<p><img decoding=\"async\" src=\"https:\/\/www.langlife.de\/wp-content\/uploads\/2020\/01\/jennifer-pilz-langlife-coaching-1.jpeg\" \/><\/p>\n<p>JENNIFER PILZ<\/p>\n<p>MPU Beratung, Heilpraktiker f\u00fcr Psychotherapie<\/p>\n<p>&#8211; NLC Coach<\/p>\n<p>&#8211; Autogenes Training<\/p>\n<p>&#8211; Antiaggressionstraining<\/p>\n<p><img decoding=\"async\" src=\"https:\/\/www.langlife.de\/wp-content\/uploads\/2020\/03\/flavius-vatavu-langlife-coaching.jpg\" \/><\/p>\n<p>FLAVIUS VATAVU<\/p>\n<p>MPU &#8211; Berater<\/p>\n<p>&#8211; Rum\u00e4nischer Dolmetscher<\/p>\n<p>sprachen.<\/p>\n<p>Du w\u00fcrdest dich gerne lieber in einer anderen Sprache beraten lassen?<\/p>\n<p>Kein Problem! Wir k\u00f6nnen Dich in folgenden Sprachen beraten&#8230;<\/p>\n<p>Deutsch<\/p>\n<p><img decoding=\"async\" src=\"https:\/\/www.langlife.de\/wp-content\/uploads\/2020\/05\/de.png\" \/><\/p>\n<p>DE<\/p>\n<p>Englisch<\/p>\n<p><img decoding=\"async\" src=\"https:\/\/www.langlife.de\/wp-content\/uploads\/2020\/05\/usgb.png\" \/><\/p>\n<p>EN<\/p>\n<p>Rum\u00e4nisch<\/p>\n<p><img decoding=\"async\" src=\"https:\/\/www.langlife.de\/wp-content\/uploads\/2020\/05\/ro.png\" \/><\/p>\n<p>RO<\/p>\n<p>Russisch<\/p>\n<p><img decoding=\"async\" src=\"https:\/\/www.langlife.de\/wp-content\/uploads\/2020\/05\/ru.png\" \/><\/p>\n<p>RU<\/p>\n<p>T\u00fcrkisch<\/p>\n<p><img decoding=\"async\" src=\"https:\/\/www.langlife.de\/wp-content\/uploads\/2020\/05\/tr.png\" \/><\/p>\n<p>TR<\/p>\n<p>WhatsApp Support<\/p>\n<p>Wir sind die ersten Vorbereiter die einen WhatsApp-Support anbieten. Um nach einer MPU zu fragen, m\u00fcsst Ihr keinen Mut aufbringen pers\u00f6nlich anzurufen. Das heisst, ihr k\u00f6nnt bequem \u00fcber unseren WhatsApp-Support einen Termin vereinbaren. <\/p>\n<p>Erreichbar ist der Support t\u00e4glich von 10:00 Uhr bis 19:00 Uhr, unter der Rufnummer 0173 2429488.<\/p>\n<p>Wir freuen uns auf die neuen Anmeldungen.<\/p>\n","protected":false},"excerpt":{"rendered":"<p class=\"excerpt\">schnell. bequem. zuhause. mpu- und lebensberatung Andreas Lang hat als erster und einziger MPU Berater dieses Siegel verliehen bekommen. Und nun zum dritten Mal in Folge! Andreas Lang im Interview bei RTL.de [ditty_news_ticker id=&#8220;478&#8243;] standorte heilbronn Falkenstra\u00dfe 2 74072 Heilbronn stuttgart Karpatenstra\u00dfe 1 70374 Stuttgart \u00f6hringen Pfaffenm\u00fchlweg 45 74613 \u00d6hringen Sie f\u00fchlen sich noch nicht [&hellip;]<\/p>\n","protected":false},"author":4,"featured_media":0,"parent":0,"menu_order":0,"comment_status":"closed","ping_status":"closed","template":"builder.php","meta":{"footnotes":""},"yoast_head":"<!-- This site is optimized with the Yoast SEO plugin v23.5 - https:\/\/yoast.com\/wordpress\/plugins\/seo\/ -->\n<title>langlifecoaching, MPU- und Lebensberatung. Schnell, Bequem, Zuhause.<\/title>\n<meta name=\"description\" content=\"langlifecoaching mit Andreas Lang: Schnell, bequem, zuhause. MPU- und Lebensberatung im Raum Stuttgart, Rems-Murr-Kreis und ganz Heilbronn.\" \/>\n<meta name=\"robots\" content=\"index, follow, max-snippet:-1, max-image-preview:large, max-video-preview:-1\" \/>\n<link rel=\"canonical\" href=\"https:\/\/www.langlife.de\/\" \/>\n<meta property=\"og:locale\" content=\"de_DE\" \/>\n<meta property=\"og:type\" content=\"article\" \/>\n<meta property=\"og:title\" content=\"langlife.de\" \/>\n<meta property=\"og:description\" content=\"MPU und Lebensberatung. Schnell, bequem, zuhause.\" \/>\n<meta property=\"og:url\" content=\"https:\/\/www.langlife.de\/\" \/>\n<meta property=\"og:site_name\" content=\"langlife[coaching]\" \/>\n<meta property=\"article:modified_time\" content=\"2025-01-16T20:44:48+00:00\" \/>\n<meta property=\"og:image\" content=\"https:\/\/www.langlife.de\/wp-content\/uploads\/2016\/08\/LanglifeCoaching_Logo.png\" \/>\n<meta name=\"twitter:card\" content=\"summary_large_image\" \/>\n<meta name=\"twitter:label1\" content=\"Gesch\u00e4tzte Lesezeit\" \/>\n\t<meta name=\"twitter:data1\" content=\"5\u00a0Minuten\" \/>\n<script type=\"application\/ld+json\" class=\"yoast-schema-graph\">{\"@context\":\"https:\/\/schema.org\",\"@graph\":[{\"@type\":\"WebPage\",\"@id\":\"https:\/\/www.langlife.de\/\",\"url\":\"https:\/\/www.langlife.de\/\",\"name\":\"langlifecoaching, MPU- und Lebensberatung. Schnell, Bequem, Zuhause.\",\"isPartOf\":{\"@id\":\"https:\/\/www.langlife.de\/#website\"},\"primaryImageOfPage\":{\"@id\":\"https:\/\/www.langlife.de\/#primaryimage\"},\"image\":{\"@id\":\"https:\/\/www.langlife.de\/#primaryimage\"},\"thumbnailUrl\":\"https:\/\/www.langlife.de\/wp-content\/uploads\/2021\/05\/Andreas-Lang-Experte-2021.jpg\",\"datePublished\":\"2016-08-01T13:47:16+00:00\",\"dateModified\":\"2025-01-16T20:44:48+00:00\",\"description\":\"langlifecoaching mit Andreas Lang: Schnell, bequem, zuhause. MPU- und Lebensberatung im Raum Stuttgart, Rems-Murr-Kreis und ganz Heilbronn.\",\"breadcrumb\":{\"@id\":\"https:\/\/www.langlife.de\/#breadcrumb\"},\"inLanguage\":\"de\",\"potentialAction\":[{\"@type\":\"ReadAction\",\"target\":[\"https:\/\/www.langlife.de\/\"]}]},{\"@type\":\"ImageObject\",\"inLanguage\":\"de\",\"@id\":\"https:\/\/www.langlife.de\/#primaryimage\",\"url\":\"https:\/\/www.langlife.de\/wp-content\/uploads\/2021\/05\/Andreas-Lang-Experte-2021.jpg\",\"contentUrl\":\"https:\/\/www.langlife.de\/wp-content\/uploads\/2021\/05\/Andreas-Lang-Experte-2021.jpg\",\"width\":1240,\"height\":1750},{\"@type\":\"BreadcrumbList\",\"@id\":\"https:\/\/www.langlife.de\/#breadcrumb\",\"itemListElement\":[{\"@type\":\"ListItem\",\"position\":1,\"name\":\"Startseite\",\"item\":\"https:\/\/www.langlife.de\/\"},{\"@type\":\"ListItem\",\"position\":2,\"name\":\"MPU- und Lebensberatung\"}]},{\"@type\":\"WebSite\",\"@id\":\"https:\/\/www.langlife.de\/#website\",\"url\":\"https:\/\/www.langlife.de\/\",\"name\":\"langlife[coaching]\",\"description\":\"Raum Stuttgart, Rems-Murr-Kreis und Heilbronn\",\"publisher\":{\"@id\":\"https:\/\/www.langlife.de\/#organization\"},\"potentialAction\":[{\"@type\":\"SearchAction\",\"target\":{\"@type\":\"EntryPoint\",\"urlTemplate\":\"https:\/\/www.langlife.de\/?s={search_term_string}\"},\"query-input\":{\"@type\":\"PropertyValueSpecification\",\"valueRequired\":true,\"valueName\":\"search_term_string\"}}],\"inLanguage\":\"de\"},{\"@type\":\"Organization\",\"@id\":\"https:\/\/www.langlife.de\/#organization\",\"name\":\"langlife[coaching]\",\"url\":\"https:\/\/www.langlife.de\/\",\"logo\":{\"@type\":\"ImageObject\",\"inLanguage\":\"de\",\"@id\":\"https:\/\/www.langlife.de\/#\/schema\/logo\/image\/\",\"url\":\"https:\/\/www.langlife.de\/wp-content\/uploads\/2016\/08\/cropped-LanglifeCoaching_Logo.png\",\"contentUrl\":\"https:\/\/www.langlife.de\/wp-content\/uploads\/2016\/08\/cropped-LanglifeCoaching_Logo.png\",\"width\":214,\"height\":157,\"caption\":\"langlife[coaching]\"},\"image\":{\"@id\":\"https:\/\/www.langlife.de\/#\/schema\/logo\/image\/\"}}]}<\/script>\n<!-- \/ Yoast SEO plugin. -->","yoast_head_json":{"title":"langlifecoaching, MPU- und Lebensberatung. Schnell, Bequem, Zuhause.","description":"langlifecoaching mit Andreas Lang: Schnell, bequem, zuhause. MPU- und Lebensberatung im Raum Stuttgart, Rems-Murr-Kreis und ganz Heilbronn.","robots":{"index":"index","follow":"follow","max-snippet":"max-snippet:-1","max-image-preview":"max-image-preview:large","max-video-preview":"max-video-preview:-1"},"canonical":"https:\/\/www.langlife.de\/","og_locale":"de_DE","og_type":"article","og_title":"langlife.de","og_description":"MPU und Lebensberatung. Schnell, bequem, zuhause.","og_url":"https:\/\/www.langlife.de\/","og_site_name":"langlife[coaching]","article_modified_time":"2025-01-16T20:44:48+00:00","og_image":[{"url":"https:\/\/www.langlife.de\/wp-content\/uploads\/2016\/08\/LanglifeCoaching_Logo.png"}],"twitter_card":"summary_large_image","twitter_misc":{"Gesch\u00e4tzte Lesezeit":"5\u00a0Minuten"},"schema":{"@context":"https:\/\/schema.org","@graph":[{"@type":"WebPage","@id":"https:\/\/www.langlife.de\/","url":"https:\/\/www.langlife.de\/","name":"langlifecoaching, MPU- und Lebensberatung. Schnell, Bequem, Zuhause.","isPartOf":{"@id":"https:\/\/www.langlife.de\/#website"},"primaryImageOfPage":{"@id":"https:\/\/www.langlife.de\/#primaryimage"},"image":{"@id":"https:\/\/www.langlife.de\/#primaryimage"},"thumbnailUrl":"https:\/\/www.langlife.de\/wp-content\/uploads\/2021\/05\/Andreas-Lang-Experte-2021.jpg","datePublished":"2016-08-01T13:47:16+00:00","dateModified":"2025-01-16T20:44:48+00:00","description":"langlifecoaching mit Andreas Lang: Schnell, bequem, zuhause. MPU- und Lebensberatung im Raum Stuttgart, Rems-Murr-Kreis und ganz Heilbronn.","breadcrumb":{"@id":"https:\/\/www.langlife.de\/#breadcrumb"},"inLanguage":"de","potentialAction":[{"@type":"ReadAction","target":["https:\/\/www.langlife.de\/"]}]},{"@type":"ImageObject","inLanguage":"de","@id":"https:\/\/www.langlife.de\/#primaryimage","url":"https:\/\/www.langlife.de\/wp-content\/uploads\/2021\/05\/Andreas-Lang-Experte-2021.jpg","contentUrl":"https:\/\/www.langlife.de\/wp-content\/uploads\/2021\/05\/Andreas-Lang-Experte-2021.jpg","width":1240,"height":1750},{"@type":"BreadcrumbList","@id":"https:\/\/www.langlife.de\/#breadcrumb","itemListElement":[{"@type":"ListItem","position":1,"name":"Startseite","item":"https:\/\/www.langlife.de\/"},{"@type":"ListItem","position":2,"name":"MPU- und Lebensberatung"}]},{"@type":"WebSite","@id":"https:\/\/www.langlife.de\/#website","url":"https:\/\/www.langlife.de\/","name":"langlife[coaching]","description":"Raum Stuttgart, Rems-Murr-Kreis und Heilbronn","publisher":{"@id":"https:\/\/www.langlife.de\/#organization"},"potentialAction":[{"@type":"SearchAction","target":{"@type":"EntryPoint","urlTemplate":"https:\/\/www.langlife.de\/?s={search_term_string}"},"query-input":{"@type":"PropertyValueSpecification","valueRequired":true,"valueName":"search_term_string"}}],"inLanguage":"de"},{"@type":"Organization","@id":"https:\/\/www.langlife.de\/#organization","name":"langlife[coaching]","url":"https:\/\/www.langlife.de\/","logo":{"@type":"ImageObject","inLanguage":"de","@id":"https:\/\/www.langlife.de\/#\/schema\/logo\/image\/","url":"https:\/\/www.langlife.de\/wp-content\/uploads\/2016\/08\/cropped-LanglifeCoaching_Logo.png","contentUrl":"https:\/\/www.langlife.de\/wp-content\/uploads\/2016\/08\/cropped-LanglifeCoaching_Logo.png","width":214,"height":157,"caption":"langlife[coaching]"},"image":{"@id":"https:\/\/www.langlife.de\/#\/schema\/logo\/image\/"}}]}},"_links":{"self":[{"href":"https:\/\/www.langlife.de\/index.php\/wp-json\/wp\/v2\/pages\/31"}],"collection":[{"href":"https:\/\/www.langlife.de\/index.php\/wp-json\/wp\/v2\/pages"}],"about":[{"href":"https:\/\/www.langlife.de\/index.php\/wp-json\/wp\/v2\/types\/page"}],"author":[{"embeddable":true,"href":"https:\/\/www.langlife.de\/index.php\/wp-json\/wp\/v2\/users\/4"}],"replies":[{"embeddable":true,"href":"https:\/\/www.langlife.de\/index.php\/wp-json\/wp\/v2\/comments?post=31"}],"version-history":[{"count":359,"href":"https:\/\/www.langlife.de\/index.php\/wp-json\/wp\/v2\/pages\/31\/revisions"}],"predecessor-version":[{"id":705,"href":"https:\/\/www.langlife.de\/index.php\/wp-json\/wp\/v2\/pages\/31\/revisions\/705"}],"wp:attachment":[{"href":"https:\/\/www.langlife.de\/index.php\/wp-json\/wp\/v2\/media?parent=31"}],"curies":[{"name":"wp","href":"https:\/\/api.w.org\/{rel}","templated":true}]}}